{"id":78,"date":"2025-11-25T12:25:30","date_gmt":"2025-11-25T10:25:30","guid":{"rendered":"http:\/\/steelsound.iwn.co\/?page_id=78"},"modified":"2026-01-28T12:27:12","modified_gmt":"2026-01-28T10:27:12","slug":"etusivu","status":"publish","type":"page","link":"https:\/\/steelsound.fi\/fi\/","title":{"rendered":"Etusivu"},"content":{"rendered":"\t\t<div data-elementor-type=\"wp-page\" data-elementor-id=\"78\" class=\"elementor elementor-78\">\n\t\t\t\t<div class=\"elementor-element elementor-element-7bbba75e e-con-full animated-slow e-flex elementor-invisible e-con e-parent\" data-id=\"7bbba75e\" data-element_type=\"container\" data-e-type=\"container\" data-settings=\"{&quot;background_background&quot;:&quot;classic&quot;,&quot;animation&quot;:&quot;fadeIn&quot;}\">\n\t\t\t\t<div class=\"elementor-element elementor-element-4d93eda3 elementor-widget__width-initial elementor-widget elementor-widget-heading\" data-id=\"4d93eda3\" data-element_type=\"widget\" data-e-type=\"widget\" data-widget_type=\"heading.default\">\n\t\t\t\t\t<h2 class=\"elementor-heading-title elementor-size-default\">Me luomme tilaisuutesi tunnelman ja valaistuksen<\/h2>\t\t\t\t<\/div>\n\t\t<div class=\"elementor-element elementor-element-6ae83a67 e-flex e-con-boxed e-con e-child\" data-id=\"6ae83a67\" data-element_type=\"container\" data-e-type=\"container\">\n\t\t\t\t\t<div class=\"e-con-inner\">\n\t\t\t\t<div class=\"elementor-element elementor-element-59349731 elementor-align-center elementor-mobile-align-center elementor-widget-mobile__width-inherit elementor-absolute elementor-widget elementor-widget-button\" data-id=\"59349731\" data-element_type=\"widget\" data-e-type=\"widget\" data-settings=\"{&quot;_position&quot;:&quot;absolute&quot;}\" data-widget_type=\"button.default\">\n\t\t\t\t\t\t\t\t\t\t<a class=\"elementor-button elementor-button-link elementor-size-sm\" href=\"https:\/\/steelsound.fi\/kontakt\/\">\n\t\t\t\t\t\t<span class=\"elementor-button-content-wrapper\">\n\t\t\t\t\t\t\t\t\t<span class=\"elementor-button-text\">Ota yhteytt\u00e4<\/span>\n\t\t\t\t\t<\/span>\n\t\t\t\t\t<\/a>\n\t\t\t\t\t\t\t\t<\/div>\n\t\t\t\t\t<\/div>\n\t\t\t\t<\/div>\n\t\t\t\t<\/div>\n\t\t<div class=\"elementor-element elementor-element-ea88a5 e-flex e-con-boxed e-con e-parent\" data-id=\"ea88a5\" data-element_type=\"container\" data-e-type=\"container\">\n\t\t\t\t\t<div class=\"e-con-inner\">\n\t\t\t\t<div class=\"elementor-element elementor-element-508198ff elementor-widget__width-initial elementor-widget-tablet__width-inherit elementor-widget-mobile__width-inherit elementor-widget elementor-widget-text-editor\" data-id=\"508198ff\" data-element_type=\"widget\" data-e-type=\"widget\" data-widget_type=\"text-editor.default\">\n\t\t\t\t\t\t\t\t\t<p><span style=\"font-weight: 400;\">Toimitamme \u00e4\u00e4ni- ja valopalveluita erilaisiin tapahtumiin Kemi\u00f6nsaarella ja sen l\u00e4hialueilla. <\/span><span style=\"font-weight: 400;\">Olipa kyse pienemm\u00e4st\u00e4 tilaisuudesta tai jopa 300 hengen juhlista, autamme sinua luomaan kokonaisvaltaisen kokemus<\/span><span style=\"font-style: inherit; font-weight: inherit;\">&nbsp;, joka sek\u00e4 kuulostaa ett\u00e4 tuntuu oikealta. <\/span><span style=\"font-style: inherit; font-weight: inherit;\">Asiantuntemuksemme tuo tapahtumaasi tunnelmaa ja laatua, tilaisuudesta riippumatta.<\/span><\/p>\t\t\t\t\t\t\t\t<\/div>\n\t\t\t\t<div class=\"elementor-element elementor-element-51de7ad elementor-align-center elementor-mobile-align-justify elementor-widget-mobile__width-initial elementor-widget elementor-widget-button\" data-id=\"51de7ad\" data-element_type=\"widget\" data-e-type=\"widget\" data-widget_type=\"button.default\">\n\t\t\t\t\t\t\t\t\t\t<a class=\"elementor-button elementor-button-link elementor-size-sm\" href=\"https:\/\/steelsound.fi\/om-oss\/\">\n\t\t\t\t\t\t<span class=\"elementor-button-content-wrapper\">\n\t\t\t\t\t\t\t\t\t<span class=\"elementor-button-text\">T\u00e4m\u00e4 on Steelsound<\/span>\n\t\t\t\t\t<\/span>\n\t\t\t\t\t<\/a>\n\t\t\t\t\t\t\t\t<\/div>\n\t\t\t\t\t<\/div>\n\t\t\t\t<\/div>\n\t\t<div class=\"elementor-element elementor-element-11ebd548 animated-slow e-flex e-con-boxed elementor-invisible e-con e-parent\" data-id=\"11ebd548\" data-element_type=\"container\" data-e-type=\"container\" data-settings=\"{&quot;animation&quot;:&quot;slideInUp&quot;}\">\n\t\t\t\t\t<div class=\"e-con-inner\">\n\t\t\t\t<div class=\"elementor-element elementor-element-280964a6 elementor-widget-divider--view-line elementor-widget elementor-widget-divider\" data-id=\"280964a6\" data-element_type=\"widget\" data-e-type=\"widget\" data-widget_type=\"divider.default\">\n\t\t\t\t\t\t\t<div class=\"elementor-divider\">\n\t\t\t<span class=\"elementor-divider-separator\">\n\t\t\t\t\t\t<\/span>\n\t\t<\/div>\n\t\t\t\t\t\t<\/div>\n\t\t\t\t<div class=\"elementor-element elementor-element-7ff312c9 elementor-widget elementor-widget-heading\" data-id=\"7ff312c9\" data-element_type=\"widget\" data-e-type=\"widget\" data-widget_type=\"heading.default\">\n\t\t\t\t\t<h2 class=\"elementor-heading-title elementor-size-default\">Yritysjuhlat \u2502 H\u00e4\u00e4t \u2502 Festivaalit \u2502 Teatteri \u2502 Markkinat \u2502 Konsertit \u2502 DJ-setit\n<\/h2>\t\t\t\t<\/div>\n\t\t\t\t<div class=\"elementor-element elementor-element-55a6c4c3 elementor-widget-divider--view-line elementor-widget elementor-widget-divider\" data-id=\"55a6c4c3\" data-element_type=\"widget\" data-e-type=\"widget\" data-widget_type=\"divider.default\">\n\t\t\t\t\t\t\t<div class=\"elementor-divider\">\n\t\t\t<span class=\"elementor-divider-separator\">\n\t\t\t\t\t\t<\/span>\n\t\t<\/div>\n\t\t\t\t\t\t<\/div>\n\t\t\t\t\t<\/div>\n\t\t\t\t<\/div>\n\t\t<div class=\"elementor-element elementor-element-458dd35e e-con-full e-flex e-con e-parent\" data-id=\"458dd35e\" data-element_type=\"container\" data-e-type=\"container\" data-settings=\"{&quot;background_background&quot;:&quot;classic&quot;}\">\n\t\t\t\t<div class=\"elementor-element elementor-element-33136fbf elementor-widget__width-initial animated-slow elementor-invisible elementor-widget elementor-widget-heading\" data-id=\"33136fbf\" data-element_type=\"widget\" data-e-type=\"widget\" data-settings=\"{&quot;_animation&quot;:&quot;fadeIn&quot;}\" data-widget_type=\"heading.default\">\n\t\t\t\t\t<h2 class=\"elementor-heading-title elementor-size-default\"><span><p dir=\"ltr\" style=\"line-height:1.2;margin-top:0pt;margin-bottom:0pt\"><br><\/p><\/span>korkealaatuinen kalusto<\/h2>\t\t\t\t<\/div>\n\t\t\t\t<div class=\"elementor-element elementor-element-51f87408 elementor-widget__width-initial animated-slow elementor-invisible elementor-widget elementor-widget-heading\" data-id=\"51f87408\" data-element_type=\"widget\" data-e-type=\"widget\" data-settings=\"{&quot;_animation&quot;:&quot;fadeIn&quot;}\" data-widget_type=\"heading.default\">\n\t\t\t\t\t<h2 class=\"elementor-heading-title elementor-size-default\">on meille t\u00e4rke\u00e4\u00e4<\/h2>\t\t\t\t<\/div>\n\t\t<div class=\"elementor-element elementor-element-637146ae animated-slow e-flex e-con-boxed elementor-invisible e-con e-child\" data-id=\"637146ae\" data-element_type=\"container\" data-e-type=\"container\" data-settings=\"{&quot;animation&quot;:&quot;fadeIn&quot;}\">\n\t\t\t\t\t<div class=\"e-con-inner\">\n\t\t\t\t<div class=\"elementor-element elementor-element-62ebc189 elementor-align-center elementor-mobile-align-justify elementor-widget-mobile__width-inherit elementor-widget elementor-widget-button\" data-id=\"62ebc189\" data-element_type=\"widget\" data-e-type=\"widget\" data-widget_type=\"button.default\">\n\t\t\t\t\t\t\t\t\t\t<a class=\"elementor-button elementor-button-link elementor-size-sm\" href=\"https:\/\/steelsound.fi\/utrustning\/\">\n\t\t\t\t\t\t<span class=\"elementor-button-content-wrapper\">\n\t\t\t\t\t\t\t\t\t<span class=\"elementor-button-text\">Tutustu \u00e4\u00e4nikalustoomme<\/span>\n\t\t\t\t\t<\/span>\n\t\t\t\t\t<\/a>\n\t\t\t\t\t\t\t\t<\/div>\n\t\t\t\t\t<\/div>\n\t\t\t\t<\/div>\n\t\t\t\t<\/div>\n\t\t<div class=\"elementor-element elementor-element-25723d7f e-grid animated-slow e-con-full elementor-invisible e-con e-parent\" data-id=\"25723d7f\" data-element_type=\"container\" data-e-type=\"container\" data-settings=\"{&quot;animation&quot;:&quot;fadeIn&quot;}\">\n\t\t\t\t<div class=\"elementor-element elementor-element-4dc4ed67 elementor-widget elementor-widget-heading\" data-id=\"4dc4ed67\" data-element_type=\"widget\" data-e-type=\"widget\" data-widget_type=\"heading.default\">\n\t\t\t\t\t<h2 class=\"elementor-heading-title elementor-size-default\"><span><p dir=\"ltr\" style=\"line-height:1.2;margin-top:0pt;margin-bottom:0pt\"><span style=\"font-style: inherit\">Vuoden kulttuuriteos 2021<\/span><span style=\"font-style: inherit;font-weight: inherit\"><\/span><\/p><\/span><\/h2>\t\t\t\t<\/div>\n\t\t\t\t<div class=\"elementor-element elementor-element-7698026c elementor-widget__width-initial elementor-widget-tablet__width-inherit elementor-widget-mobile__width-inherit elementor-widget elementor-widget-text-editor\" data-id=\"7698026c\" data-element_type=\"widget\" data-e-type=\"widget\" data-widget_type=\"text-editor.default\">\n\t\t\t\t\t\t\t\t\t<p>\u201c<span style=\"font-weight: 400;\">Axel-palkinnot my\u00f6nnet\u00e4\u00e4n vuosittain kuntalaisille tunnustuksena ansiokkaasta toiminnasta tai menestyksest\u00e4 esimerkiksi kulttuurin, yritt\u00e4jyyden tai urheilun saralla, tai muulla tavoin hyv\u00e4n\u00e4 esikuvana toimimisesta nuorisolle ja muille kuntalaisille<\/span>.\u201d <span style=\"font-style: inherit; font-weight: inherit;\">&#8211; Kemi\u00f6nsaaren kunta<\/span><\/p>\t\t\t\t\t\t\t\t<\/div>\n\t\t\t\t<\/div>\n\t\t<div class=\"elementor-element elementor-element-bbe6c59 e-grid animated-slow e-con-boxed elementor-invisible e-con e-parent\" data-id=\"bbe6c59\" data-element_type=\"container\" data-e-type=\"container\" data-settings=\"{&quot;animation&quot;:&quot;fadeIn&quot;}\">\n\t\t\t\t\t<div class=\"e-con-inner\">\n\t\t\t\t<div class=\"elementor-element elementor-element-5cc54eb6 elementor-widget elementor-widget-image\" data-id=\"5cc54eb6\" data-element_type=\"widget\" data-e-type=\"widget\" data-widget_type=\"image.default\">\n\t\t\t\t\t\t\t\t\t\t\t\t<figure class=\"wp-caption\">\n\t\t\t\t\t\t\t\t\t\t<img fetchpriority=\"high\" decoding=\"async\" width=\"1024\" height=\"683\" src=\"https:\/\/steelsound.fi\/wp-content\/uploads\/2025\/11\/Mask-group-1024x683.png\" class=\"attachment-large size-large wp-image-200\" alt=\"\" srcset=\"https:\/\/steelsound.fi\/wp-content\/uploads\/2025\/11\/Mask-group-1024x683.png 1024w, https:\/\/steelsound.fi\/wp-content\/uploads\/2025\/11\/Mask-group-300x200.png 300w, https:\/\/steelsound.fi\/wp-content\/uploads\/2025\/11\/Mask-group-768x512.png 768w, https:\/\/steelsound.fi\/wp-content\/uploads\/2025\/11\/Mask-group-1536x1024.png 1536w, https:\/\/steelsound.fi\/wp-content\/uploads\/2025\/11\/Mask-group.png 2048w\" sizes=\"(max-width: 1024px) 100vw, 1024px\" \/>\t\t\t\t\t\t\t\t\t\t\t<figcaption class=\"widget-image-caption wp-caption-text\">Mielest\u00e4ni Kake&amp;Co:n keikka S\u00f6derl\u00e5ngvikin Omenap\u00e4ivill\u00e4 oli koko kes\u00e4kauden paras \u00e4\u00e4nimiksaus. L\u00e4mmin kiitos \u00e4\u00e4nest\u00e4, joka toi keikkaamme ylim\u00e4\u00e4r\u00e4ist\u00e4 nostetta\u2026 te osaatte hommanne!\" \u2013 Roger Johansson, Kake&amp;Co:n rumpali<\/figcaption>\n\t\t\t\t\t\t\t\t\t\t<\/figure>\n\t\t\t\t\t\t\t\t\t<\/div>\n\t\t\t\t<div class=\"elementor-element elementor-element-7dadfbeb elementor-widget elementor-widget-image\" data-id=\"7dadfbeb\" data-element_type=\"widget\" data-e-type=\"widget\" data-widget_type=\"image.default\">\n\t\t\t\t\t\t\t\t\t\t\t\t<figure class=\"wp-caption\">\n\t\t\t\t\t\t\t\t\t\t<img decoding=\"async\" width=\"1024\" height=\"683\" src=\"https:\/\/steelsound.fi\/wp-content\/uploads\/2025\/11\/Mask-group-2-1024x683.png\" class=\"attachment-large size-large wp-image-202\" alt=\"\" srcset=\"https:\/\/steelsound.fi\/wp-content\/uploads\/2025\/11\/Mask-group-2-1024x683.png 1024w, https:\/\/steelsound.fi\/wp-content\/uploads\/2025\/11\/Mask-group-2-300x200.png 300w, https:\/\/steelsound.fi\/wp-content\/uploads\/2025\/11\/Mask-group-2-768x512.png 768w, https:\/\/steelsound.fi\/wp-content\/uploads\/2025\/11\/Mask-group-2-1536x1024.png 1536w, https:\/\/steelsound.fi\/wp-content\/uploads\/2025\/11\/Mask-group-2.png 2048w\" sizes=\"(max-width: 1024px) 100vw, 1024px\" \/>\t\t\t\t\t\t\t\t\t\t\t<figcaption class=\"widget-image-caption wp-caption-text\">\"Paikalliset luottomiehemme aina vuodesta 2012 l\u00e4htien.\" - Norpas Festival<\/figcaption>\n\t\t\t\t\t\t\t\t\t\t<\/figure>\n\t\t\t\t\t\t\t\t\t<\/div>\n\t\t\t\t<div class=\"elementor-element elementor-element-2537b009 elementor-widget elementor-widget-image\" data-id=\"2537b009\" data-element_type=\"widget\" data-e-type=\"widget\" data-widget_type=\"image.default\">\n\t\t\t\t\t\t\t\t\t\t\t\t<figure class=\"wp-caption\">\n\t\t\t\t\t\t\t\t\t\t<img decoding=\"async\" width=\"1024\" height=\"683\" src=\"https:\/\/steelsound.fi\/wp-content\/uploads\/2025\/11\/Mask-group-1-1024x683.png\" class=\"attachment-large size-large wp-image-204\" alt=\"\" srcset=\"https:\/\/steelsound.fi\/wp-content\/uploads\/2025\/11\/Mask-group-1-1024x683.png 1024w, https:\/\/steelsound.fi\/wp-content\/uploads\/2025\/11\/Mask-group-1-300x200.png 300w, https:\/\/steelsound.fi\/wp-content\/uploads\/2025\/11\/Mask-group-1-768x512.png 768w, https:\/\/steelsound.fi\/wp-content\/uploads\/2025\/11\/Mask-group-1-1536x1024.png 1536w, https:\/\/steelsound.fi\/wp-content\/uploads\/2025\/11\/Mask-group-1.png 2048w\" sizes=\"(max-width: 1024px) 100vw, 1024px\" \/>\t\t\t\t\t\t\t\t\t\t\t<figcaption class=\"widget-image-caption wp-caption-text\">\"Kiitos hienosti suoritetusta ty\u00f6st\u00e4!\" \"Min\u00e4kin kiit\u00e4n! Kiitos, ett\u00e4 olette olemassa ja osaatte hommanne!\" \u2013 Kemi\u00f6nsaaren Hyv\u00e4ntekev\u00e4isyyskonsertti, Yhteisvastuu 2025\"<\/figcaption>\n\t\t\t\t\t\t\t\t\t\t<\/figure>\n\t\t\t\t\t\t\t\t\t<\/div>\n\t\t\t\t<div class=\"elementor-element elementor-element-73977304 elementor-widget elementor-widget-image\" data-id=\"73977304\" data-element_type=\"widget\" data-e-type=\"widget\" data-widget_type=\"image.default\">\n\t\t\t\t\t\t\t\t\t\t\t\t<figure class=\"wp-caption\">\n\t\t\t\t\t\t\t\t\t\t<img loading=\"lazy\" decoding=\"async\" width=\"1024\" height=\"683\" src=\"https:\/\/steelsound.fi\/wp-content\/uploads\/2025\/11\/Mask-group-1-1-1024x683.png\" class=\"attachment-large size-large wp-image-206\" alt=\"\" srcset=\"https:\/\/steelsound.fi\/wp-content\/uploads\/2025\/11\/Mask-group-1-1-1024x683.png 1024w, https:\/\/steelsound.fi\/wp-content\/uploads\/2025\/11\/Mask-group-1-1-300x200.png 300w, https:\/\/steelsound.fi\/wp-content\/uploads\/2025\/11\/Mask-group-1-1-768x512.png 768w, https:\/\/steelsound.fi\/wp-content\/uploads\/2025\/11\/Mask-group-1-1-1536x1024.png 1536w, https:\/\/steelsound.fi\/wp-content\/uploads\/2025\/11\/Mask-group-1-1.png 2048w\" sizes=\"(max-width: 1024px) 100vw, 1024px\" \/>\t\t\t\t\t\t\t\t\t\t\t<figcaption class=\"widget-image-caption wp-caption-text\">\"\u00c4\u00e4ni oli erinomainen. Oli ilo ja onni kuunnella.\" \u2013 Joulumarkkinat Verstaalla<\/figcaption>\n\t\t\t\t\t\t\t\t\t\t<\/figure>\n\t\t\t\t\t\t\t\t\t<\/div>\n\t\t\t\t\t<\/div>\n\t\t\t\t<\/div>\n\t\t\t\t<\/div>\n\t\t","protected":false},"excerpt":{"rendered":"<p>Me luomme tilaisuutesi tunnelman ja valaistuksen Ota yhteytt\u00e4 Toimitamme \u00e4\u00e4ni- ja valopalveluita erilaisiin tapahtumiin Kemi\u00f6nsaarella ja sen l\u00e4hialueilla. Olipa kyse [&hellip;]<\/p>\n","protected":false},"author":1,"featured_media":0,"parent":0,"menu_order":10,"comment_status":"closed","ping_status":"closed","template":"","meta":{"site-sidebar-layout":"default","site-content-layout":"","ast-site-content-layout":"default","site-content-style":"default","site-sidebar-style":"default","ast-global-header-display":"","ast-banner-title-visibility":"","ast-main-header-display":"","ast-hfb-above-header-display":"","ast-hfb-below-header-display":"","ast-hfb-mobile-header-display":"","site-post-title":"disabled","ast-breadcrumbs-content":"","ast-featured-img":"","footer-sml-layout":"","ast-disable-related-posts":"","theme-transparent-header-meta":"default","adv-header-id-meta":"","stick-header-meta":"","header-above-stick-meta":"","header-main-stick-meta":"","header-below-stick-meta":"","astra-migrate-meta-layouts":"default","ast-page-background-enabled":"default","ast-page-background-meta":{"desktop":{"background-color":"var(--ast-global-color-5)","background-image":"","background-repeat":"repeat","background-position":"center center","background-size":"auto","background-attachment":"scroll","background-type":"","background-media":"","overlay-type":"","overlay-color":"","overlay-opacity":"","overlay-gradient":""},"tablet":{"background-color":"","background-image":"","background-repeat":"repeat","background-position":"center center","background-size":"auto","background-attachment":"scroll","background-type":"","background-media":"","overlay-type":"","overlay-color":"","overlay-opacity":"","overlay-gradient":""},"mobile":{"background-color":"","background-image":"","background-repeat":"repeat","background-position":"center center","background-size":"auto","background-attachment":"scroll","background-type":"","background-media":"","overlay-type":"","overlay-color":"","overlay-opacity":"","overlay-gradient":""}},"ast-content-background-meta":{"desktop":{"background-color":"var(--ast-global-color-4)","background-image":"","background-repeat":"repeat","background-position":"center center","background-size":"auto","background-attachment":"scroll","background-type":"","background-media":"","overlay-type":"","overlay-color":"","overlay-opacity":"","overlay-gradient":""},"tablet":{"background-color":"var(--ast-global-color-4)","background-image":"","background-repeat":"repeat","background-position":"center center","background-size":"auto","background-attachment":"scroll","background-type":"","background-media":"","overlay-type":"","overlay-color":"","overlay-opacity":"","overlay-gradient":""},"mobile":{"background-color":"var(--ast-global-color-4)","background-image":"","background-repeat":"repeat","background-position":"center center","background-size":"auto","background-attachment":"scroll","background-type":"","background-media":"","overlay-type":"","overlay-color":"","overlay-opacity":"","overlay-gradient":""}},"footnotes":""},"class_list":["post-78","page","type-page","status-publish","hentry"],"yoast_head":"<!-- This site is optimized with the Yoast SEO plugin v27.4 - https:\/\/yoast.com\/product\/yoast-seo-wordpress\/ -->\n<title>Steelsound valojen ja \u00e4\u00e4nentoistoiston ammattilainen<\/title>\n<meta name=\"description\" content=\"Toimitamme ammattimaista valaistusta ja \u00e4\u00e4nentoistoa erilaisiin tapahtumiin Kemi\u00f6nsaarella ja sen l\u00e4hiymp\u00e4rist\u00f6ss\u00e4.\" \/>\n<meta name=\"robots\" content=\"index, follow, max-snippet:-1, max-image-preview:large, max-video-preview:-1\" \/>\n<link rel=\"canonical\" href=\"https:\/\/steelsound.fi\/fi\/\" \/>\n<meta property=\"og:locale\" content=\"fi_FI\" \/>\n<meta property=\"og:type\" content=\"article\" \/>\n<meta property=\"og:title\" content=\"Steelsound valojen ja \u00e4\u00e4nentoistoiston ammattilainen\" \/>\n<meta property=\"og:description\" content=\"Toimitamme ammattimaista valaistusta ja \u00e4\u00e4nentoistoa erilaisiin tapahtumiin Kemi\u00f6nsaarella ja sen l\u00e4hiymp\u00e4rist\u00f6ss\u00e4.\" \/>\n<meta property=\"og:url\" content=\"https:\/\/steelsound.fi\/fi\/\" \/>\n<meta property=\"article:modified_time\" content=\"2026-01-28T10:27:12+00:00\" \/>\n<meta property=\"og:image\" content=\"https:\/\/steelsound.fi\/wp-content\/uploads\/2025\/11\/Mask-group-1024x683.png\" \/>\n<meta name=\"twitter:card\" content=\"summary_large_image\" \/>\n<meta name=\"twitter:label1\" content=\"Est. reading time\" \/>\n\t<meta name=\"twitter:data1\" content=\"2 minutes\" \/>\n<script type=\"application\/ld+json\" class=\"yoast-schema-graph\">{\"@context\":\"https:\\\/\\\/schema.org\",\"@graph\":[{\"@type\":\"WebPage\",\"@id\":\"https:\\\/\\\/steelsound.fi\\\/fi\\\/\",\"url\":\"https:\\\/\\\/steelsound.fi\\\/fi\\\/\",\"name\":\"Steelsound valojen ja \u00e4\u00e4nentoistoiston ammattilainen\",\"isPartOf\":{\"@id\":\"https:\\\/\\\/steelsound.fi\\\/#website\"},\"primaryImageOfPage\":{\"@id\":\"https:\\\/\\\/steelsound.fi\\\/fi\\\/#primaryimage\"},\"image\":{\"@id\":\"https:\\\/\\\/steelsound.fi\\\/fi\\\/#primaryimage\"},\"thumbnailUrl\":\"https:\\\/\\\/steelsound.fi\\\/wp-content\\\/uploads\\\/2025\\\/11\\\/Mask-group-1024x683.png\",\"datePublished\":\"2025-11-25T10:25:30+00:00\",\"dateModified\":\"2026-01-28T10:27:12+00:00\",\"description\":\"Toimitamme ammattimaista valaistusta ja \u00e4\u00e4nentoistoa erilaisiin tapahtumiin Kemi\u00f6nsaarella ja sen l\u00e4hiymp\u00e4rist\u00f6ss\u00e4.\",\"breadcrumb\":{\"@id\":\"https:\\\/\\\/steelsound.fi\\\/fi\\\/#breadcrumb\"},\"inLanguage\":\"fi-FI\",\"potentialAction\":[{\"@type\":\"ReadAction\",\"target\":[\"https:\\\/\\\/steelsound.fi\\\/fi\\\/\"]}]},{\"@type\":\"ImageObject\",\"inLanguage\":\"fi-FI\",\"@id\":\"https:\\\/\\\/steelsound.fi\\\/fi\\\/#primaryimage\",\"url\":\"https:\\\/\\\/steelsound.fi\\\/wp-content\\\/uploads\\\/2025\\\/11\\\/Mask-group-1024x683.png\",\"contentUrl\":\"https:\\\/\\\/steelsound.fi\\\/wp-content\\\/uploads\\\/2025\\\/11\\\/Mask-group-1024x683.png\"},{\"@type\":\"BreadcrumbList\",\"@id\":\"https:\\\/\\\/steelsound.fi\\\/fi\\\/#breadcrumb\",\"itemListElement\":[{\"@type\":\"ListItem\",\"position\":1,\"name\":\"Home\",\"item\":\"https:\\\/\\\/steelsound.fi\\\/fi\\\/\"},{\"@type\":\"ListItem\",\"position\":2,\"name\":\"Etusivu\"}]},{\"@type\":\"WebSite\",\"@id\":\"https:\\\/\\\/steelsound.fi\\\/#website\",\"url\":\"https:\\\/\\\/steelsound.fi\\\/\",\"name\":\"\",\"description\":\"Steelsound\",\"potentialAction\":[{\"@type\":\"SearchAction\",\"target\":{\"@type\":\"EntryPoint\",\"urlTemplate\":\"https:\\\/\\\/steelsound.fi\\\/?s={search_term_string}\"},\"query-input\":{\"@type\":\"PropertyValueSpecification\",\"valueRequired\":true,\"valueName\":\"search_term_string\"}}],\"inLanguage\":\"fi-FI\"}]}<\/script>\n<!-- \/ Yoast SEO plugin. -->","yoast_head_json":{"title":"Steelsound valojen ja \u00e4\u00e4nentoistoiston ammattilainen","description":"Toimitamme ammattimaista valaistusta ja \u00e4\u00e4nentoistoa erilaisiin tapahtumiin Kemi\u00f6nsaarella ja sen l\u00e4hiymp\u00e4rist\u00f6ss\u00e4.","robots":{"index":"index","follow":"follow","max-snippet":"max-snippet:-1","max-image-preview":"max-image-preview:large","max-video-preview":"max-video-preview:-1"},"canonical":"https:\/\/steelsound.fi\/fi\/","og_locale":"fi_FI","og_type":"article","og_title":"Steelsound valojen ja \u00e4\u00e4nentoistoiston ammattilainen","og_description":"Toimitamme ammattimaista valaistusta ja \u00e4\u00e4nentoistoa erilaisiin tapahtumiin Kemi\u00f6nsaarella ja sen l\u00e4hiymp\u00e4rist\u00f6ss\u00e4.","og_url":"https:\/\/steelsound.fi\/fi\/","article_modified_time":"2026-01-28T10:27:12+00:00","og_image":[{"url":"https:\/\/steelsound.fi\/wp-content\/uploads\/2025\/11\/Mask-group-1024x683.png","type":"","width":"","height":""}],"twitter_card":"summary_large_image","twitter_misc":{"Est. reading time":"2 minutes"},"schema":{"@context":"https:\/\/schema.org","@graph":[{"@type":"WebPage","@id":"https:\/\/steelsound.fi\/fi\/","url":"https:\/\/steelsound.fi\/fi\/","name":"Steelsound valojen ja \u00e4\u00e4nentoistoiston ammattilainen","isPartOf":{"@id":"https:\/\/steelsound.fi\/#website"},"primaryImageOfPage":{"@id":"https:\/\/steelsound.fi\/fi\/#primaryimage"},"image":{"@id":"https:\/\/steelsound.fi\/fi\/#primaryimage"},"thumbnailUrl":"https:\/\/steelsound.fi\/wp-content\/uploads\/2025\/11\/Mask-group-1024x683.png","datePublished":"2025-11-25T10:25:30+00:00","dateModified":"2026-01-28T10:27:12+00:00","description":"Toimitamme ammattimaista valaistusta ja \u00e4\u00e4nentoistoa erilaisiin tapahtumiin Kemi\u00f6nsaarella ja sen l\u00e4hiymp\u00e4rist\u00f6ss\u00e4.","breadcrumb":{"@id":"https:\/\/steelsound.fi\/fi\/#breadcrumb"},"inLanguage":"fi-FI","potentialAction":[{"@type":"ReadAction","target":["https:\/\/steelsound.fi\/fi\/"]}]},{"@type":"ImageObject","inLanguage":"fi-FI","@id":"https:\/\/steelsound.fi\/fi\/#primaryimage","url":"https:\/\/steelsound.fi\/wp-content\/uploads\/2025\/11\/Mask-group-1024x683.png","contentUrl":"https:\/\/steelsound.fi\/wp-content\/uploads\/2025\/11\/Mask-group-1024x683.png"},{"@type":"BreadcrumbList","@id":"https:\/\/steelsound.fi\/fi\/#breadcrumb","itemListElement":[{"@type":"ListItem","position":1,"name":"Home","item":"https:\/\/steelsound.fi\/fi\/"},{"@type":"ListItem","position":2,"name":"Etusivu"}]},{"@type":"WebSite","@id":"https:\/\/steelsound.fi\/#website","url":"https:\/\/steelsound.fi\/","name":"","description":"Steelsound","potentialAction":[{"@type":"SearchAction","target":{"@type":"EntryPoint","urlTemplate":"https:\/\/steelsound.fi\/?s={search_term_string}"},"query-input":{"@type":"PropertyValueSpecification","valueRequired":true,"valueName":"search_term_string"}}],"inLanguage":"fi-FI"}]}},"_links":{"self":[{"href":"https:\/\/steelsound.fi\/fi\/wp-json\/wp\/v2\/pages\/78","targetHints":{"allow":["GET"]}}],"collection":[{"href":"https:\/\/steelsound.fi\/fi\/wp-json\/wp\/v2\/pages"}],"about":[{"href":"https:\/\/steelsound.fi\/fi\/wp-json\/wp\/v2\/types\/page"}],"author":[{"embeddable":true,"href":"https:\/\/steelsound.fi\/fi\/wp-json\/wp\/v2\/users\/1"}],"replies":[{"embeddable":true,"href":"https:\/\/steelsound.fi\/fi\/wp-json\/wp\/v2\/comments?post=78"}],"version-history":[{"count":12,"href":"https:\/\/steelsound.fi\/fi\/wp-json\/wp\/v2\/pages\/78\/revisions"}],"predecessor-version":[{"id":585,"href":"https:\/\/steelsound.fi\/fi\/wp-json\/wp\/v2\/pages\/78\/revisions\/585"}],"wp:attachment":[{"href":"https:\/\/steelsound.fi\/fi\/wp-json\/wp\/v2\/media?parent=78"}],"curies":[{"name":"wp","href":"https:\/\/api.w.org\/{rel}","templated":true}]}}